{"id":25,"date":"2023-01-13T10:37:44","date_gmt":"2023-01-13T09:37:44","guid":{"rendered":"http:\/\/www.augustynstudio.pl\/sklep\/strona-glowna\/"},"modified":"2025-03-06T11:26:07","modified_gmt":"2025-03-06T10:26:07","slug":"strona-glowna","status":"publish","type":"page","link":"http:\/\/www.augustynstudio.pl\/sklep\/","title":{"rendered":"\u00a0TOMASZ AUGUSTYN &#8211; widz\u0119 sztuk\u0119 w naturze."},"content":{"rendered":"\n<div class=\"wp-block-media-text is-stacked-on-mobile\" style=\"grid-template-columns:31% auto\"><figure class=\"wp-block-media-text__media\"><img loading=\"lazy\" decoding=\"async\" width=\"960\" height=\"960\" src=\"http:\/\/www.augustynstudio.pl\/sklep\/wp-content\/uploads\/augustynstudio-as1_4974-1-5.jpg\" alt=\"\" class=\"wp-image-1043 size-full\" srcset=\"http:\/\/www.augustynstudio.pl\/sklep\/wp-content\/uploads\/augustynstudio-as1_4974-1-5.jpg 960w, http:\/\/www.augustynstudio.pl\/sklep\/wp-content\/uploads\/augustynstudio-as1_4974-1-5-100x100.jpg 100w, http:\/\/www.augustynstudio.pl\/sklep\/wp-content\/uploads\/augustynstudio-as1_4974-1-5-600x600.jpg 600w, http:\/\/www.augustynstudio.pl\/sklep\/wp-content\/uploads\/augustynstudio-as1_4974-1-5-300x300.jpg 300w, http:\/\/www.augustynstudio.pl\/sklep\/wp-content\/uploads\/augustynstudio-as1_4974-1-5-267x267.jpg 267w, http:\/\/www.augustynstudio.pl\/sklep\/wp-content\/uploads\/augustynstudio-as1_4974-1-5-768x768.jpg 768w, http:\/\/www.augustynstudio.pl\/sklep\/wp-content\/uploads\/augustynstudio-as1_4974-1-5-75x75.jpg 75w\" sizes=\"auto, (max-width: 960px) 100vw, 960px\" \/><\/figure><div class=\"wp-block-media-text__content\">\n<p>Nazywam si\u0119 Tomasz Augustyn. Fotografuj\u0105c widz\u0119 sztuk\u0119 w naturze. Dostrzegam j\u0105 w zestawieniach barw, przebiegu linii, strukturze powierzchni i kszta\u0142cie detali. Ka\u017cda fotografia niesie w sobie moj\u0105 pasj\u0119 i ho\u0142d dla pi\u0119kna otaczaj\u0105cego nas \u015bwiata. Poszukiwania artystyczne realizuj\u0119 r\u00f3wnie\u017c w moim atelier, gdzie powstaj\u0105 cykle martwych natur., w kt\u00f3rych r\u00f3\u017cnym obiektom nadaj\u0119 nowe znaczenia. Znajdziesz tu kolekcj\u0119 nagrodzonych w Tokio fotografii \u201eOpowie\u015bci z rybnego\u201d oraz seri\u0119 \u201eWarsztat\u201d z u\u017cywanymi przez rzemie\u015blnik\u00f3w, nios\u0105cymi histori\u0119 narz\u0119dziami.\u00a0<\/p>\n\n\n\n<p>Oferuj\u0119 zar\u00f3wno sygnowane fotografie kolekcjonerskie, jak i plakaty, kt\u00f3re wprowadz\u0105 do Twoich wn\u0119trz niepowtarzalny klimat i estetyk\u0119.<\/p>\n<\/div><\/div>\n\n\n\n<div class=\"wp-block-media-text has-media-on-the-right is-stacked-on-mobile\" style=\"grid-template-columns:auto 31%\"><div class=\"wp-block-media-text__content\">\n<p>Fotografie s\u0105 sygnowane w\u0142asnor\u0119cznym podpisem i reprodukowane w limitowanej liczbie kopii, a ka\u017cda z nich ma sw\u00f3j numer. Wszystkie podpisane s\u0105 na odwrocie z podaniem numeru odbitki.&nbsp;<\/p>\n\n\n\n<p>Do ka\u017cdej fotografii do\u0142\u0105czam Certyfikat Autentyczno\u015bci, kt\u00f3ry mo\u017cna umie\u015bci\u0107 na odwrocie oprawy.<\/p>\n<\/div><figure class=\"wp-block-media-text__media\"><img loading=\"lazy\" decoding=\"async\" width=\"960\" height=\"960\" src=\"http:\/\/www.augustynstudio.pl\/sklep\/wp-content\/uploads\/augustynstudio-as1_5116_1.jpg\" alt=\"\" class=\"wp-image-1045 size-full\" srcset=\"http:\/\/www.augustynstudio.pl\/sklep\/wp-content\/uploads\/augustynstudio-as1_5116_1.jpg 960w, http:\/\/www.augustynstudio.pl\/sklep\/wp-content\/uploads\/augustynstudio-as1_5116_1-100x100.jpg 100w, http:\/\/www.augustynstudio.pl\/sklep\/wp-content\/uploads\/augustynstudio-as1_5116_1-600x600.jpg 600w, http:\/\/www.augustynstudio.pl\/sklep\/wp-content\/uploads\/augustynstudio-as1_5116_1-300x300.jpg 300w, http:\/\/www.augustynstudio.pl\/sklep\/wp-content\/uploads\/augustynstudio-as1_5116_1-267x267.jpg 267w, http:\/\/www.augustynstudio.pl\/sklep\/wp-content\/uploads\/augustynstudio-as1_5116_1-768x768.jpg 768w, http:\/\/www.augustynstudio.pl\/sklep\/wp-content\/uploads\/augustynstudio-as1_5116_1-75x75.jpg 75w\" sizes=\"auto, (max-width: 960px) 100vw, 960px\" \/><\/figure><\/div>\n\n\n\n<div class=\"wp-block-media-text is-stacked-on-mobile\" style=\"grid-template-columns:31% auto\"><figure class=\"wp-block-media-text__media\"><img loading=\"lazy\" decoding=\"async\" width=\"960\" height=\"960\" src=\"http:\/\/www.augustynstudio.pl\/sklep\/wp-content\/uploads\/augustynstudio-as1_4494-1.jpg\" alt=\"\" class=\"wp-image-1039 size-full\" srcset=\"http:\/\/www.augustynstudio.pl\/sklep\/wp-content\/uploads\/augustynstudio-as1_4494-1.jpg 960w, http:\/\/www.augustynstudio.pl\/sklep\/wp-content\/uploads\/augustynstudio-as1_4494-1-100x100.jpg 100w, http:\/\/www.augustynstudio.pl\/sklep\/wp-content\/uploads\/augustynstudio-as1_4494-1-600x600.jpg 600w, http:\/\/www.augustynstudio.pl\/sklep\/wp-content\/uploads\/augustynstudio-as1_4494-1-300x300.jpg 300w, http:\/\/www.augustynstudio.pl\/sklep\/wp-content\/uploads\/augustynstudio-as1_4494-1-267x267.jpg 267w, http:\/\/www.augustynstudio.pl\/sklep\/wp-content\/uploads\/augustynstudio-as1_4494-1-768x768.jpg 768w, http:\/\/www.augustynstudio.pl\/sklep\/wp-content\/uploads\/augustynstudio-as1_4494-1-75x75.jpg 75w\" sizes=\"auto, (max-width: 960px) 100vw, 960px\" \/><\/figure><div class=\"wp-block-media-text__content\">\n<p>Wybrane przeze mnie fotografie sprzedaj\u0119 oprawione w zabytkowe ramy &#8211; niekt\u00f3re nawet stuletnie. W\u0142asnor\u0119cznie czyszcz\u0119, sklejam, zabezpieczam werniksem i gotow\u0105 ram\u0119 dobieram do fotografii. W ten spos\u00f3b powstaje unikatowy obiekt kolekcjonerski.&nbsp;<\/p>\n\n\n\n<p>Na \u017cyczenie klienta&nbsp; mog\u0119 wybran\u0105 przez niego fotografi\u0119 przygotowa\u0107 w podobnej oprawie.<\/p>\n\n\n\n<p>Poza tymi wyj\u0105tkami sprzedaj\u0119 fotografie nieoprawione. Wyb\u00f3r ramy i passe-partout&nbsp; pozostawiam Kupuj\u0105cemu, aby sam m\u00f3g\u0142 jak najlepiej po\u0142\u0105czy\u0107 moj\u0105 fotografi\u0119 ze swoim wn\u0119trzem. Zainteresowanym mog\u0119 jednak zarekomendowa\u0107 wyb\u00f3r odpowiedniej oprawy.&nbsp;<\/p>\n<\/div><\/div>\n\n\n\n<div class=\"wp-block-media-text has-media-on-the-right is-stacked-on-mobile\" style=\"grid-template-columns:auto 31%\"><div class=\"wp-block-media-text__content\">\n<p>&nbsp;Technologia druku moich fotografii atramentami pigmentowymi o zwi\u0119kszonej odporno\u015bci na \u015bwiat\u0142o zapewnia im trwa\u0142o\u015b\u0107 i gwarancj\u0119 zachowania barw na dziesi\u0119ciolecia.&nbsp;<\/p>\n\n\n\n<p>Do druku wybra\u0142em papiery klasy Fine Art:<\/p>\n\n\n\n<ul class=\"wp-block-list\">\n<li>dla cyklu \u201eOpowie\u015bci z rybnego \u201dHahnem\u00fchle Photo Rag\u00ae Baryta&nbsp;\u00b7&nbsp;315 gsm &#8211; bawe\u0142niany papier premium, bezkwasowy i&nbsp;bez wybielaczy optycznych, kt\u00f3ry spe\u0142nia najwy\u017csze normy archiwizacji.<\/li>\n\n\n\n<li>dla pozosta\u0142ych&nbsp; fotografii Solution Fine Art Ceramic Fibre 300 gsm &#8211; bardzo wysokiej jako\u015bci papier w 100% wykonany z alfa-celulozy lub Epson Traditional Photo Paper 325 gsm. &nbsp; &nbsp; &nbsp; &nbsp; &nbsp; &nbsp; &nbsp; &nbsp; &nbsp; &nbsp; &nbsp; &nbsp; &nbsp; &nbsp; &nbsp; &nbsp; &nbsp; &nbsp; &nbsp; &nbsp; &nbsp; &nbsp; &nbsp; &nbsp; &nbsp; &nbsp; &nbsp; &nbsp; &nbsp; &nbsp; &nbsp; &nbsp; &nbsp; &nbsp; &nbsp; &nbsp; &nbsp; &nbsp; &nbsp; &nbsp; &nbsp; &nbsp; &nbsp; &nbsp; &nbsp; &nbsp; &nbsp; &nbsp; &nbsp; &nbsp; &nbsp; &nbsp; &nbsp; &nbsp; &nbsp; &nbsp;<\/li>\n<\/ul>\n\n\n\n<p>&nbsp;Chocia\u017c papiery te zaliczane s\u0105 do grupy papier\u00f3w b\u0142yszcz\u0105cych, charakteryzuj\u0105 si\u0119 delikatnie teksturowan\u0105 powierzchni\u0105,&nbsp; jedwabist\u0105 w dotyku z subtelnym efektem per\u0142owego po\u0142ysku. W wygl\u0105dzie przypominaj\u0105 tradycyjne papiery fotograficzne. Doskonale reprodukuj\u0105 barwy i podkre\u015blaj\u0105 detale moich fotografii.&nbsp;<\/p>\n<\/div><figure class=\"wp-block-media-text__media\"><img loading=\"lazy\" decoding=\"async\" width=\"960\" height=\"960\" src=\"http:\/\/www.augustynstudio.pl\/sklep\/wp-content\/uploads\/augustynstudio-as1_5102.jpg\" alt=\"\" class=\"wp-image-1048 size-full\" srcset=\"http:\/\/www.augustynstudio.pl\/sklep\/wp-content\/uploads\/augustynstudio-as1_5102.jpg 960w, http:\/\/www.augustynstudio.pl\/sklep\/wp-content\/uploads\/augustynstudio-as1_5102-100x100.jpg 100w, http:\/\/www.augustynstudio.pl\/sklep\/wp-content\/uploads\/augustynstudio-as1_5102-600x600.jpg 600w, http:\/\/www.augustynstudio.pl\/sklep\/wp-content\/uploads\/augustynstudio-as1_5102-300x300.jpg 300w, http:\/\/www.augustynstudio.pl\/sklep\/wp-content\/uploads\/augustynstudio-as1_5102-267x267.jpg 267w, http:\/\/www.augustynstudio.pl\/sklep\/wp-content\/uploads\/augustynstudio-as1_5102-768x768.jpg 768w, http:\/\/www.augustynstudio.pl\/sklep\/wp-content\/uploads\/augustynstudio-as1_5102-75x75.jpg 75w\" sizes=\"auto, (max-width: 960px) 100vw, 960px\" \/><\/figure><\/div>\n\n\n\n<div class=\"wp-block-media-text is-stacked-on-mobile\" style=\"grid-template-columns:31% auto\"><figure class=\"wp-block-media-text__media\"><img loading=\"lazy\" decoding=\"async\" width=\"960\" height=\"960\" src=\"http:\/\/www.augustynstudio.pl\/sklep\/wp-content\/uploads\/augustynstudio-as1_5138_1.jpg\" alt=\"\" class=\"wp-image-1052 size-full\" srcset=\"http:\/\/www.augustynstudio.pl\/sklep\/wp-content\/uploads\/augustynstudio-as1_5138_1.jpg 960w, http:\/\/www.augustynstudio.pl\/sklep\/wp-content\/uploads\/augustynstudio-as1_5138_1-100x100.jpg 100w, http:\/\/www.augustynstudio.pl\/sklep\/wp-content\/uploads\/augustynstudio-as1_5138_1-600x600.jpg 600w, http:\/\/www.augustynstudio.pl\/sklep\/wp-content\/uploads\/augustynstudio-as1_5138_1-300x300.jpg 300w, http:\/\/www.augustynstudio.pl\/sklep\/wp-content\/uploads\/augustynstudio-as1_5138_1-267x267.jpg 267w, http:\/\/www.augustynstudio.pl\/sklep\/wp-content\/uploads\/augustynstudio-as1_5138_1-768x768.jpg 768w, http:\/\/www.augustynstudio.pl\/sklep\/wp-content\/uploads\/augustynstudio-as1_5138_1-75x75.jpg 75w\" sizes=\"auto, (max-width: 960px) 100vw, 960px\" \/><\/figure><div class=\"wp-block-media-text__content\">\n<p>Plakaty s\u0105 alternatyw\u0105 dla oryginalnych fotografii. Kolekcja plakat\u00f3w stale si\u0119 powi\u0119ksza. Drukowane w technologii dziewi\u0119ciokolorowego druku cyfrowego na papierze plakatowym zapewniaj\u0105 obraz bardzo wysokiej jako\u015bci.&nbsp;<\/p>\n\n\n\n<p>Powstaj\u0105 w nielimitowanych edycjach i nie s\u0105 sygnowane.<\/p>\n<\/div><\/div>\n\n\n\n<p><\/p>\n\n\n\n<p><\/p>\n\n\n\n<div class=\"wp-block-cover aligncenter\" style=\"min-height:394px;aspect-ratio:unset;\"><span aria-hidden=\"true\" class=\"wp-block-cover__background has-background-dim\" style=\"background-color:#767980\"><\/span><img loading=\"lazy\" decoding=\"async\" width=\"1920\" height=\"1279\" class=\"wp-block-cover__image-background wp-image-1072\" alt=\"\" src=\"http:\/\/www.augustynstudio.pl\/sklep\/wp-content\/uploads\/003-photoaugustyn-landscape-irish-beach2-1.jpg\" data-object-fit=\"cover\" srcset=\"http:\/\/www.augustynstudio.pl\/sklep\/wp-content\/uploads\/003-photoaugustyn-landscape-irish-beach2-1.jpg 1920w, http:\/\/www.augustynstudio.pl\/sklep\/wp-content\/uploads\/003-photoaugustyn-landscape-irish-beach2-1-600x400.jpg 600w, http:\/\/www.augustynstudio.pl\/sklep\/wp-content\/uploads\/003-photoaugustyn-landscape-irish-beach2-1-300x200.jpg 300w, http:\/\/www.augustynstudio.pl\/sklep\/wp-content\/uploads\/003-photoaugustyn-landscape-irish-beach2-1-1024x682.jpg 1024w, http:\/\/www.augustynstudio.pl\/sklep\/wp-content\/uploads\/003-photoaugustyn-landscape-irish-beach2-1-400x267.jpg 400w, http:\/\/www.augustynstudio.pl\/sklep\/wp-content\/uploads\/003-photoaugustyn-landscape-irish-beach2-1-768x512.jpg 768w, http:\/\/www.augustynstudio.pl\/sklep\/wp-content\/uploads\/003-photoaugustyn-landscape-irish-beach2-1-1536x1023.jpg 1536w, http:\/\/www.augustynstudio.pl\/sklep\/wp-content\/uploads\/003-photoaugustyn-landscape-irish-beach2-1-1140x759.jpg 1140w\" sizes=\"auto, (max-width: 1920px) 100vw, 1920px\" \/><div class=\"wp-block-cover__inner-container is-layout-flow wp-block-cover-is-layout-flow\">\n<div class=\"wp-block-columns is-layout-flex wp-container-core-columns-is-layout-9d6595d7 wp-block-columns-is-layout-flex\">\n<div class=\"wp-block-column is-layout-flow wp-block-column-is-layout-flow\"><\/div>\n<\/div>\n\n\n\n<div class=\"wp-block-buttons is-content-justification-center is-layout-flex wp-container-core-buttons-is-layout-16018d1d wp-block-buttons-is-layout-flex\">\n<div class=\"wp-block-button\"><a class=\"wp-block-button__link wp-element-button\" href=\"http:\/\/www.augustynstudio.pl\/sklep\/sklep\/\">ODKRYJ MOJ\u0104 KOLEKCJE &#8211; ZAPRASZAM DO ZAKUPU<\/a><\/div>\n<\/div>\n<\/div><\/div>\n\n\n\n<p><\/p>\n\n\n\n<p><\/p>\n\n\n\n<h1 class=\"wp-block-heading has-text-align-center\">Nowe produkty<\/h1>\n\n\n<div data-block-name=\"woocommerce\/product-new\" data-rows=\"1\" class=\"wc-block-grid wp-block-product-new wp-block-woocommerce-product-new wc-block-product-new has-3-columns\"><ul class=\"wc-block-grid__products\"><li class=\"wc-block-grid__product\">\n\t\t\t\t<a href=\"http:\/\/www.augustynstudio.pl\/sklep\/produkt\/glacensis-14\/\" class=\"wc-block-grid__product-link\">\n\t\t\t\t\t\n\t\t\t\t\t<div class=\"wc-block-grid__product-image\"><img loading=\"lazy\" decoding=\"async\" width=\"400\" height=\"300\" src=\"http:\/\/www.augustynstudio.pl\/sklep\/wp-content\/uploads\/085-tomasz-augustyn-landscape-glacensis-14-400x300.jpg\" class=\"attachment-woocommerce_thumbnail size-woocommerce_thumbnail\" alt=\"Glacensis-14\" \/><\/div>\n\t\t\t\t\t<div class=\"wc-block-grid__product-title\">Glacensis-14<\/div>\n\t\t\t\t<\/a>\n\t\t\t\t<div class=\"wc-block-grid__product-price price\"><span class=\"woocommerce-Price-amount amount\" aria-hidden=\"true\">390&nbsp;<span class=\"woocommerce-Price-currencySymbol\">&#122;&#322;<\/span><\/span> <span aria-hidden=\"true\">&ndash;<\/span> <span class=\"woocommerce-Price-amount amount\" aria-hidden=\"true\">540&nbsp;<span class=\"woocommerce-Price-currencySymbol\">&#122;&#322;<\/span><\/span><span class=\"screen-reader-text\">Zakres cen: od 390&nbsp;&#122;&#322; do 540&nbsp;&#122;&#322;<\/span><\/div>\n\t\t\t\t\n\t\t\t\t<div class=\"wp-block-button wc-block-grid__product-add-to-cart\"><a href=\"http:\/\/www.augustynstudio.pl\/sklep\/produkt\/glacensis-14\/\" aria-label=\"Wybierz opcje dla &bdquo;Glacensis-14&rdquo;\" data-quantity=\"1\" data-product_id=\"1491\" data-product_sku=\"\" data-price=\"390\" rel=\"nofollow\" class=\"wp-block-button__link  add_to_cart_button\">Wybierz opcje<\/a><\/div>\n\t\t\t<\/li><li class=\"wc-block-grid__product\">\n\t\t\t\t<a href=\"http:\/\/www.augustynstudio.pl\/sklep\/produkt\/glacensis-17\/\" class=\"wc-block-grid__product-link\">\n\t\t\t\t\t\n\t\t\t\t\t<div class=\"wc-block-grid__product-image\"><img loading=\"lazy\" decoding=\"async\" width=\"400\" height=\"300\" src=\"http:\/\/www.augustynstudio.pl\/sklep\/wp-content\/uploads\/088-tomasz-augustyn-landscape-glacensis-17-400x300.jpg\" class=\"attachment-woocommerce_thumbnail size-woocommerce_thumbnail\" alt=\"Glacensis-17\" \/><\/div>\n\t\t\t\t\t<div class=\"wc-block-grid__product-title\">Glacensis-17<\/div>\n\t\t\t\t<\/a>\n\t\t\t\t<div class=\"wc-block-grid__product-price price\"><span class=\"woocommerce-Price-amount amount\" aria-hidden=\"true\">390&nbsp;<span class=\"woocommerce-Price-currencySymbol\">&#122;&#322;<\/span><\/span> <span aria-hidden=\"true\">&ndash;<\/span> <span class=\"woocommerce-Price-amount amount\" aria-hidden=\"true\">540&nbsp;<span class=\"woocommerce-Price-currencySymbol\">&#122;&#322;<\/span><\/span><span class=\"screen-reader-text\">Zakres cen: od 390&nbsp;&#122;&#322; do 540&nbsp;&#122;&#322;<\/span><\/div>\n\t\t\t\t\n\t\t\t\t<div class=\"wp-block-button wc-block-grid__product-add-to-cart\"><a href=\"http:\/\/www.augustynstudio.pl\/sklep\/produkt\/glacensis-17\/\" aria-label=\"Wybierz opcje dla &bdquo;Glacensis-17&rdquo;\" data-quantity=\"1\" data-product_id=\"1488\" data-product_sku=\"\" data-price=\"390\" rel=\"nofollow\" class=\"wp-block-button__link  add_to_cart_button\">Wybierz opcje<\/a><\/div>\n\t\t\t<\/li><li class=\"wc-block-grid__product\">\n\t\t\t\t<a href=\"http:\/\/www.augustynstudio.pl\/sklep\/produkt\/glacensis-15\/\" class=\"wc-block-grid__product-link\">\n\t\t\t\t\t\n\t\t\t\t\t<div class=\"wc-block-grid__product-image\"><img loading=\"lazy\" decoding=\"async\" width=\"400\" height=\"300\" src=\"http:\/\/www.augustynstudio.pl\/sklep\/wp-content\/uploads\/086-tomasz-augustyn-landscape-glacensis-15-400x300.jpg\" class=\"attachment-woocommerce_thumbnail size-woocommerce_thumbnail\" alt=\"Glacensis-15\" \/><\/div>\n\t\t\t\t\t<div class=\"wc-block-grid__product-title\">Glacensis-15<\/div>\n\t\t\t\t<\/a>\n\t\t\t\t<div class=\"wc-block-grid__product-price price\"><span class=\"woocommerce-Price-amount amount\" aria-hidden=\"true\">390&nbsp;<span class=\"woocommerce-Price-currencySymbol\">&#122;&#322;<\/span><\/span> <span aria-hidden=\"true\">&ndash;<\/span> <span class=\"woocommerce-Price-amount amount\" aria-hidden=\"true\">540&nbsp;<span class=\"woocommerce-Price-currencySymbol\">&#122;&#322;<\/span><\/span><span class=\"screen-reader-text\">Zakres cen: od 390&nbsp;&#122;&#322; do 540&nbsp;&#122;&#322;<\/span><\/div>\n\t\t\t\t\n\t\t\t\t<div class=\"wp-block-button wc-block-grid__product-add-to-cart\"><a href=\"http:\/\/www.augustynstudio.pl\/sklep\/produkt\/glacensis-15\/\" aria-label=\"Wybierz opcje dla &bdquo;Glacensis-15&rdquo;\" data-quantity=\"1\" data-product_id=\"1484\" data-product_sku=\"\" data-price=\"390\" rel=\"nofollow\" class=\"wp-block-button__link  add_to_cart_button\">Wybierz opcje<\/a><\/div>\n\t\t\t<\/li><\/ul><\/div>","protected":false},"excerpt":{"rendered":"<p>Nazywam si\u0119 Tomasz Augustyn. Fotografuj\u0105c widz\u0119 sztuk\u0119 w naturze. Dostrzegam j\u0105 w zestawieniach barw, przebiegu linii, strukturze powierzchni i kszta\u0142cie detali. Ka\u017cda fotografia niesie w sobie moj\u0105 pasj\u0119 i ho\u0142d dla pi\u0119kna otaczaj\u0105cego nas \u015bwiata. Poszukiwania artystyczne realizuj\u0119 r\u00f3wnie\u017c w moim atelier, gdzie powstaj\u0105 cykle martwych natur., w kt\u00f3rych r\u00f3\u017cnym obiektom nadaj\u0119 nowe znaczenia. Znajdziesz tu kolekcj\u0119 nagrodzonych w Tokio fotografii \u201eOpowie\u015bci z rybnego\u201d oraz seri\u0119 \u201eWarsztat\u201d z u\u017cywanymi przez rzemie\u015blnik\u00f3w, nios\u0105cymi histori\u0119 narz\u0119dziami.\u00a0 Oferuj\u0119 zar\u00f3wno sygnowane fotografie kolekcjonerskie, jak i plakaty, kt\u00f3re wprowadz\u0105 do Twoich wn\u0119trz niepowtarzalny klimat i estetyk\u0119. Fotografie s\u0105 sygnowane w\u0142asnor\u0119cznym podpisem i reprodukowane w limitowanej liczbie kopii, a ka\u017cda z nich ma sw\u00f3j numer. Wszystkie podpisane s\u0105 na odwrocie z podaniem numeru odbitki.&nbsp; Do ka\u017cdej fotografii do\u0142\u0105czam Certyfikat Autentyczno\u015bci, kt\u00f3ry mo\u017cna umie\u015bci\u0107 na odwrocie oprawy. Wybrane przeze mnie fotografie sprzedaj\u0119 oprawione w zabytkowe ramy &#8211; niekt\u00f3re nawet stuletnie. W\u0142asnor\u0119cznie czyszcz\u0119, sklejam, zabezpieczam werniksem i gotow\u0105 ram\u0119 dobieram do fotografii. W ten spos\u00f3b powstaje unikatowy obiekt kolekcjonerski.&nbsp; Na \u017cyczenie klienta&nbsp; mog\u0119 wybran\u0105 przez niego fotografi\u0119 przygotowa\u0107 w podobnej oprawie. Poza tymi wyj\u0105tkami sprzedaj\u0119 fotografie nieoprawione. Wyb\u00f3r ramy i passe-partout&nbsp; pozostawiam Kupuj\u0105cemu, aby sam m\u00f3g\u0142 jak najlepiej po\u0142\u0105czy\u0107 moj\u0105 fotografi\u0119 ze swoim wn\u0119trzem. Zainteresowanym mog\u0119 jednak zarekomendowa\u0107 wyb\u00f3r odpowiedniej oprawy.&nbsp; Plakaty s\u0105 alternatyw\u0105 dla oryginalnych fotografii. Kolekcja plakat\u00f3w stale si\u0119 powi\u0119ksza. Drukowane w technologii dziewi\u0119ciokolorowego druku cyfrowego na papierze plakatowym zapewniaj\u0105 obraz bardzo wysokiej jako\u015bci.&nbsp; Powstaj\u0105 w nielimitowanych edycjach i nie s\u0105 sygnowane. Nowe produkty<\/p>\n","protected":false},"author":1,"featured_media":0,"parent":0,"menu_order":0,"comment_status":"closed","ping_status":"closed","template":"","meta":{"footnotes":""},"class_list":["post-25","page","type-page","status-publish","hentry"],"_links":{"self":[{"href":"http:\/\/www.augustynstudio.pl\/sklep\/wp-json\/wp\/v2\/pages\/25","targetHints":{"allow":["GET"]}}],"collection":[{"href":"http:\/\/www.augustynstudio.pl\/sklep\/wp-json\/wp\/v2\/pages"}],"about":[{"href":"http:\/\/www.augustynstudio.pl\/sklep\/wp-json\/wp\/v2\/types\/page"}],"author":[{"embeddable":true,"href":"http:\/\/www.augustynstudio.pl\/sklep\/wp-json\/wp\/v2\/users\/1"}],"replies":[{"embeddable":true,"href":"http:\/\/www.augustynstudio.pl\/sklep\/wp-json\/wp\/v2\/comments?post=25"}],"version-history":[{"count":52,"href":"http:\/\/www.augustynstudio.pl\/sklep\/wp-json\/wp\/v2\/pages\/25\/revisions"}],"predecessor-version":[{"id":1180,"href":"http:\/\/www.augustynstudio.pl\/sklep\/wp-json\/wp\/v2\/pages\/25\/revisions\/1180"}],"wp:attachment":[{"href":"http:\/\/www.augustynstudio.pl\/sklep\/wp-json\/wp\/v2\/media?parent=25"}],"curies":[{"name":"wp","href":"https:\/\/api.w.org\/{rel}","templated":true}]}}