{"id":755,"date":"2023-11-22T15:32:12","date_gmt":"2023-11-22T14:32:12","guid":{"rendered":"http:\/\/www.augustynstudio.pl\/sklep\/?page_id=755"},"modified":"2023-11-22T16:23:39","modified_gmt":"2023-11-22T15:23:39","slug":"kontakt","status":"publish","type":"page","link":"http:\/\/www.augustynstudio.pl\/sklep\/kontakt\/","title":{"rendered":"Kontakt"},"content":{"rendered":"<h4>AUGUSTYN STUDIO Tomasz Augustyn<\/h4>\n<p>ul. Podzamcze 8<br \/>57-521 Gorzan\u00f3w<\/p>\n<p>NIP: 899-179-78-76<br \/>REGON: 930422801<\/p>\n<p>M: +48 502-280-847<br \/>sklep@augustynstudio.pl<br \/>\n<a href=\"http:\/\/www.augustynstudio.pl\/sklep\/\">www.augustynstudio.pl\/sklep\/<\/a><\/p>\n<p><h6>Dokumenty<\/h6>\n<p><a href=\"http:\/\/www.augustynstudio.pl\/sklep\/wp-content\/uploads\/regulamin-sklepu-augustynstudio-pl-003.pdf\" target=\"_blank\" rel=\"noopener\">Regulamin sklepu internetowego [pdf]<\/a><br \/>\n<a href=\"http:\/\/www.augustynstudio.pl\/sklep\/wp-content\/uploads\/polityka-prywatnosci-sklep-augustynstudio-pl-004.pdf\" target=\"_blank\" rel=\"noopener\">Polityka prywatno\u015bci sklepu [pdf]<\/a><br \/>\n<a href=\"http:\/\/www.augustynstudio.pl\/sklep\/wp-content\/uploads\/polityka-plikow-cookies-sklepu-augustynstudio-pl-001.pdf\" target=\"_blank\" rel=\"noopener\">Polityka plik\u00f3w cookies sklepu [pdf]<\/a><br \/>\n<a href=\"http:\/\/www.augustynstudio.pl\/sklep\/wp-content\/uploads\/Formularz-odstapienia-od-umowy.pdf\" target=\"_blank\" rel=\"noopener\">Formularz odst\u0105pienia od umowy [pdf]<\/a><\/p>\n","protected":false},"excerpt":{"rendered":"<p>AUGUSTYN STUDIO Tomasz Augustyn ul. Podzamcze 857-521 Gorzan\u00f3w NIP: 899-179-78-76REGON: 930422801 M: +48 502-280-847sklep@augustynstudio.pl www.augustynstudio.pl\/sklep\/ Dokumenty Regulamin sklepu internetowego [pdf] Polityka prywatno\u015bci sklepu [pdf] Polityka plik\u00f3w cookies sklepu [pdf] Formularz odst\u0105pienia od umowy [pdf]<\/p>\n","protected":false},"author":1,"featured_media":0,"parent":0,"menu_order":0,"comment_status":"closed","ping_status":"closed","template":"","meta":{"footnotes":""},"class_list":["post-755","page","type-page","status-publish","hentry"],"_links":{"self":[{"href":"http:\/\/www.augustynstudio.pl\/sklep\/wp-json\/wp\/v2\/pages\/755","targetHints":{"allow":["GET"]}}],"collection":[{"href":"http:\/\/www.augustynstudio.pl\/sklep\/wp-json\/wp\/v2\/pages"}],"about":[{"href":"http:\/\/www.augustynstudio.pl\/sklep\/wp-json\/wp\/v2\/types\/page"}],"author":[{"embeddable":true,"href":"http:\/\/www.augustynstudio.pl\/sklep\/wp-json\/wp\/v2\/users\/1"}],"replies":[{"embeddable":true,"href":"http:\/\/www.augustynstudio.pl\/sklep\/wp-json\/wp\/v2\/comments?post=755"}],"version-history":[{"count":15,"href":"http:\/\/www.augustynstudio.pl\/sklep\/wp-json\/wp\/v2\/pages\/755\/revisions"}],"predecessor-version":[{"id":778,"href":"http:\/\/www.augustynstudio.pl\/sklep\/wp-json\/wp\/v2\/pages\/755\/revisions\/778"}],"wp:attachment":[{"href":"http:\/\/www.augustynstudio.pl\/sklep\/wp-json\/wp\/v2\/media?parent=755"}],"curies":[{"name":"wp","href":"https:\/\/api.w.org\/{rel}","templated":true}]}}