{"id":127,"date":"2023-06-13T19:11:35","date_gmt":"2023-06-13T17:11:35","guid":{"rendered":"http:\/\/www.augustynstudio.pl\/sklep\/?post_type=product&#038;p=127"},"modified":"2025-04-05T21:20:13","modified_gmt":"2025-04-05T19:20:13","slug":"swiatlo-w-palacu-1","status":"publish","type":"product","link":"http:\/\/www.augustynstudio.pl\/sklep\/produkt\/swiatlo-w-palacu-1\/","title":{"rendered":"\u015awiat\u0142o w Pa\u0142acu 1"},"content":{"rendered":"<p>\u201e\u015awiat\u0142o w Pa\u0142acu\u201d to cykl fotografii, kt\u00f3re powsta\u0142y podczas rezydencji artystycznej w Pa\u0142acu Gorzan\u00f3w na ziemi k\u0142odzkiej.<\/p>\n<p>Miejsce to zachwyci\u0142o mnie bogatymi pozosta\u0142o\u015bciami<span class=\"Apple-converted-space\">\u00a0 <\/span>barokowych zdobie\u0144, tworz\u0105cych niepowtarzalny nastr\u00f3j.<\/p>\n<p>&nbsp;<\/p>\n<p>Fotografia kolekcjonerska, w limitowanej edycji 25 + 3 AP egzemplarzy, sygnowanych podpisem i numerem, z certyfikatem autentyczno\u015bci podpisanym przez autora.<\/p>\n<p>Druk pigmentowy na papierach fine art Solution Fine Art Ceramic Fibre 300 gsm lub Epson Traditional Photo Paper 325 gsm.<\/p>\n<p>Na zam\u00f3wienie dost\u0119pne s\u0105 inne formaty fotografii oraz druk na innych materia\u0142ach np. Alu-Dibond.<\/p>\n","protected":false},"excerpt":{"rendered":"<p>\u201e\u015awiat\u0142o w Pa\u0142acu\u201d to cykl fotografii, kt\u00f3re powsta\u0142y podczas rezydencji artystycznej w Pa\u0142acu Gorzan\u00f3w na ziemi k\u0142odzkiej. Miejsce to zachwyci\u0142o mnie bogatymi pozosta\u0142o\u015bciami\u00a0 barokowych zdobie\u0144, tworz\u0105cych niepowtarzalny nastr\u00f3j. &nbsp; Fotografia kolekcjonerska, w limitowanej edycji 25 + 3 AP egzemplarzy, sygnowanych podpisem i numerem, z certyfikatem autentyczno\u015bci podpisanym przez autora. Druk pigmentowy na papierach fine art Solution Fine Art Ceramic Fibre 300 gsm lub Epson Traditional Photo Paper 325 gsm. Na zam\u00f3wienie dost\u0119pne s\u0105 inne formaty fotografii oraz druk na innych materia\u0142ach np. Alu-Dibond.<\/p>\n","protected":false},"featured_media":93,"template":"","meta":[],"product_brand":[],"product_cat":[30,36],"product_tag":[86,83,119,45,113,49,59,94,79,73,80,106,115,97,112,77,62,61,60,93,88,82,95,84,70,57,125,121,76,65,98,48,50,123,107,122,89,101,68,67,120,64,105,118,99,72,55,56,78,85,92,104,117,58,54,66,75,71,63,46,91,103,81,74,109,111,69,87,47,116,100,96,108,102,90,124,114,110],"class_list":{"0":"post-127","1":"product","2":"type-product","3":"status-publish","4":"has-post-thumbnail","6":"product_cat-architektura","7":"product_cat-swiatlo-w-palacu","8":"product_tag-abstraction","9":"product_tag-aesthetics","10":"product_tag-antyki","11":"product_tag-architektura","12":"product_tag-architektura-palacowa","13":"product_tag-art","14":"product_tag-artificial-light","15":"product_tag-artistic-details","16":"product_tag-artistic-expression","17":"product_tag-artistic-illumination","18":"product_tag-artistic-photography","19":"product_tag-artystyczne-detale","20":"product_tag-artystyczne-fotografie","21":"product_tag-artystyczne-kompozycje","22":"product_tag-barokowe-wnetrza","23":"product_tag-baroque-aesthetics","24":"product_tag-baroque-architecture","25":"product_tag-baroque-style","26":"product_tag-chiaroscuro","27":"product_tag-colorful-expression","28":"product_tag-contrast","29":"product_tag-creative-compositions","30":"product_tag-creative-vision","31":"product_tag-creativity","32":"product_tag-decorative-arts","33":"product_tag-dramatic-lighting","34":"product_tag-dziedzictwo-kulturowe","35":"product_tag-dziedziniec-palacowy","36":"product_tag-elaborate-motifs","37":"product_tag-embellishments","38":"product_tag-estetyka","39":"product_tag-fotografia","40":"product_tag-fotografia-artystyczna","41":"product_tag-fotografia-wnetrz","42":"product_tag-freski","43":"product_tag-galerie-sztuki","44":"product_tag-geometric-forms","45":"product_tag-geometryczne-formy","46":"product_tag-gilding","47":"product_tag-grandeur","48":"product_tag-historyczne-detale","49":"product_tag-intricate-details","50":"product_tag-kolorowa-ekspresja","51":"product_tag-kolory","52":"product_tag-kontrast","53":"product_tag-lavish-interiors","54":"product_tag-light-and-shadow","55":"product_tag-lighting-effects","56":"product_tag-luminosity","57":"product_tag-minimalism","58":"product_tag-monochromatic","59":"product_tag-monochromatyczne","60":"product_tag-nastroj","61":"product_tag-natural-light","62":"product_tag-naturalneswiatlo","63":"product_tag-opulence","64":"product_tag-ornamental-design","65":"product_tag-ornamentation","66":"product_tag-ornate-decorations","67":"product_tag-palac","68":"product_tag-perspective","69":"product_tag-perspektywa","70":"product_tag-photography-art","71":"product_tag-play-of-light","72":"product_tag-polichromie","73":"product_tag-renesansowe-wnetrza","74":"product_tag-rococo","75":"product_tag-surrealism","76":"product_tag-swiatlo","77":"product_tag-swiatlo-i-cien","78":"product_tag-swiatlocien","79":"product_tag-sztuka-fotografii","80":"product_tag-sztukaterie","81":"product_tag-tekstury","82":"product_tag-textures","83":"product_tag-unikalne-dekoracje","84":"product_tag-wnetrza-historyczne","85":"product_tag-wnetrza-palacu","86":"product_shipping_class-koperta","87":"pa_format-30-x-45-cm","89":"first","90":"onbackorder","91":"shipping-taxable","92":"purchasable","93":"product-type-variable"},"_links":{"self":[{"href":"http:\/\/www.augustynstudio.pl\/sklep\/wp-json\/wp\/v2\/product\/127","targetHints":{"allow":["GET"]}}],"collection":[{"href":"http:\/\/www.augustynstudio.pl\/sklep\/wp-json\/wp\/v2\/product"}],"about":[{"href":"http:\/\/www.augustynstudio.pl\/sklep\/wp-json\/wp\/v2\/types\/product"}],"wp:featuredmedia":[{"embeddable":true,"href":"http:\/\/www.augustynstudio.pl\/sklep\/wp-json\/wp\/v2\/media\/93"}],"wp:attachment":[{"href":"http:\/\/www.augustynstudio.pl\/sklep\/wp-json\/wp\/v2\/media?parent=127"}],"wp:term":[{"taxonomy":"product_brand","embeddable":true,"href":"http:\/\/www.augustynstudio.pl\/sklep\/wp-json\/wp\/v2\/product_brand?post=127"},{"taxonomy":"product_cat","embeddable":true,"href":"http:\/\/www.augustynstudio.pl\/sklep\/wp-json\/wp\/v2\/product_cat?post=127"},{"taxonomy":"product_tag","embeddable":true,"href":"http:\/\/www.augustynstudio.pl\/sklep\/wp-json\/wp\/v2\/product_tag?post=127"}],"curies":[{"name":"wp","href":"https:\/\/api.w.org\/{rel}","templated":true}]}}