{"id":1271,"date":"2025-03-24T15:58:44","date_gmt":"2025-03-24T14:58:44","guid":{"rendered":"http:\/\/www.augustynstudio.pl\/sklep\/?post_type=product&#038;p=1271"},"modified":"2025-04-05T21:54:26","modified_gmt":"2025-04-05T19:54:26","slug":"plakat-rondane-waterfall-5","status":"publish","type":"product","link":"http:\/\/www.augustynstudio.pl\/sklep\/produkt\/plakat-rondane-waterfall-5\/","title":{"rendered":"Plakat Rondane Waterfall 5"},"content":{"rendered":"<p>Fotografia z jesiennego pleneru w Parku Narodowym Rondane w samym sercu Norwegii.<\/p>\n<p>Wysokiej klasy druk cyfrowy.<\/p>\n<p>Formaty plakatu zgodne z najbardziej popularnymi rozmiarami ram.<\/p>\n<p>Wysy\u0142ka w tubie lub kopercie.<\/p>\n<p>Na zam\u00f3wienie mo\u017cliwy druk na materiale Alu-Dibond do formatu 140&#215;200.<\/p>\n","protected":false},"excerpt":{"rendered":"<p>Fotografia z jesiennego pleneru w Parku Narodowym Rondane w samym sercu Norwegii. Wysokiej klasy druk cyfrowy. Formaty plakatu zgodne z najbardziej popularnymi rozmiarami ram. Wysy\u0142ka w tubie lub kopercie. Na zam\u00f3wienie mo\u017cliwy druk na materiale Alu-Dibond do formatu 140&#215;200.<\/p>\n","protected":false},"featured_media":1274,"template":"","meta":[],"product_brand":[],"product_cat":[207],"product_tag":[80,115,93,50,159,150,58,146,135,158,157,208,209,116,143],"class_list":{"0":"post-1271","1":"product","2":"type-product","3":"status-publish","4":"has-post-thumbnail","6":"product_cat-plakaty","7":"product_tag-artistic-photography","8":"product_tag-artystyczne-fotografie","9":"product_tag-colorful-expression","10":"product_tag-fotografia-artystyczna","11":"product_tag-malownicze-widoki","12":"product_tag-mountain-landscape","13":"product_tag-natural-light","14":"product_tag-nature","15":"product_tag-norway","16":"product_tag-painterly-landscape","17":"product_tag-pejzaz-malarski","18":"product_tag-plakat","19":"product_tag-poster","20":"product_tag-swiatlo-i-cien","21":"product_tag-waterfall","22":"product_shipping_class-tuba","23":"pa_format-30-x-40-cm","24":"pa_format-50-x-70-cm","25":"pa_format-70-x-100-cm","27":"first","28":"onbackorder","29":"sale","30":"shipping-taxable","31":"purchasable","32":"product-type-variable"},"_links":{"self":[{"href":"http:\/\/www.augustynstudio.pl\/sklep\/wp-json\/wp\/v2\/product\/1271","targetHints":{"allow":["GET"]}}],"collection":[{"href":"http:\/\/www.augustynstudio.pl\/sklep\/wp-json\/wp\/v2\/product"}],"about":[{"href":"http:\/\/www.augustynstudio.pl\/sklep\/wp-json\/wp\/v2\/types\/product"}],"wp:featuredmedia":[{"embeddable":true,"href":"http:\/\/www.augustynstudio.pl\/sklep\/wp-json\/wp\/v2\/media\/1274"}],"wp:attachment":[{"href":"http:\/\/www.augustynstudio.pl\/sklep\/wp-json\/wp\/v2\/media?parent=1271"}],"wp:term":[{"taxonomy":"product_brand","embeddable":true,"href":"http:\/\/www.augustynstudio.pl\/sklep\/wp-json\/wp\/v2\/product_brand?post=1271"},{"taxonomy":"product_cat","embeddable":true,"href":"http:\/\/www.augustynstudio.pl\/sklep\/wp-json\/wp\/v2\/product_cat?post=1271"},{"taxonomy":"product_tag","embeddable":true,"href":"http:\/\/www.augustynstudio.pl\/sklep\/wp-json\/wp\/v2\/product_tag?post=1271"}],"curies":[{"name":"wp","href":"https:\/\/api.w.org\/{rel}","templated":true}]}}