{"id":1297,"date":"2025-03-24T16:33:12","date_gmt":"2025-03-24T15:33:12","guid":{"rendered":"http:\/\/www.augustynstudio.pl\/sklep\/?post_type=product&#038;p=1297"},"modified":"2025-04-05T21:54:25","modified_gmt":"2025-04-05T19:54:25","slug":"plakat-glacensis-11-2","status":"publish","type":"product","link":"http:\/\/www.augustynstudio.pl\/sklep\/produkt\/plakat-glacensis-11-2\/","title":{"rendered":"Plakat Glacensis 11"},"content":{"rendered":"<p>Projekt &#8222;Glacensis&#8221; jest po\u015bwi\u0119cony krajobrazom i architekturze ziemi k\u0142odzkiej. Fotografia zrobiona nad Nys\u0105 K\u0142odzk\u0105.<\/p>\n<p>Wysokiej klasy druk cyfrowy.<\/p>\n<p>Formaty plakatu zgodne z najbardziej popularnymi rozmiarami ram.<\/p>\n<p>Wysy\u0142ka w tubie lub kopercie.<\/p>\n<p>Na zam\u00f3wienie mo\u017cliwy druk na materiale Alu-Dibond do formatu 140&#215;200.<\/p>\n","protected":false},"excerpt":{"rendered":"<p>Projekt &#8222;Glacensis&#8221; jest po\u015bwi\u0119cony krajobrazom i architekturze ziemi k\u0142odzkiej. Fotografia zrobiona nad Nys\u0105 K\u0142odzk\u0105. Wysokiej klasy druk cyfrowy. Formaty plakatu zgodne z najbardziej popularnymi rozmiarami ram. Wysy\u0142ka w tubie lub kopercie. Na zam\u00f3wienie mo\u017cliwy druk na materiale Alu-Dibond do formatu 140&#215;200.<\/p>\n","protected":false},"featured_media":1292,"template":"","meta":[],"product_brand":[],"product_cat":[207],"product_tag":[80,115,93,50,159,58,146,158,157,116,205],"class_list":{"0":"post-1297","1":"product","2":"type-product","3":"status-publish","4":"has-post-thumbnail","6":"product_cat-plakaty","7":"product_tag-artistic-photography","8":"product_tag-artystyczne-fotografie","9":"product_tag-colorful-expression","10":"product_tag-fotografia-artystyczna","11":"product_tag-malownicze-widoki","12":"product_tag-natural-light","13":"product_tag-nature","14":"product_tag-painterly-landscape","15":"product_tag-pejzaz-malarski","16":"product_tag-swiatlo-i-cien","17":"product_tag-ziemiaklodzka","18":"product_shipping_class-tuba","19":"pa_format-30-x-40-cm","20":"pa_format-50-x-70-cm","21":"pa_format-70-x-100-cm","23":"first","24":"onbackorder","25":"sale","26":"shipping-taxable","27":"purchasable","28":"product-type-variable"},"_links":{"self":[{"href":"http:\/\/www.augustynstudio.pl\/sklep\/wp-json\/wp\/v2\/product\/1297","targetHints":{"allow":["GET"]}}],"collection":[{"href":"http:\/\/www.augustynstudio.pl\/sklep\/wp-json\/wp\/v2\/product"}],"about":[{"href":"http:\/\/www.augustynstudio.pl\/sklep\/wp-json\/wp\/v2\/types\/product"}],"wp:featuredmedia":[{"embeddable":true,"href":"http:\/\/www.augustynstudio.pl\/sklep\/wp-json\/wp\/v2\/media\/1292"}],"wp:attachment":[{"href":"http:\/\/www.augustynstudio.pl\/sklep\/wp-json\/wp\/v2\/media?parent=1297"}],"wp:term":[{"taxonomy":"product_brand","embeddable":true,"href":"http:\/\/www.augustynstudio.pl\/sklep\/wp-json\/wp\/v2\/product_brand?post=1297"},{"taxonomy":"product_cat","embeddable":true,"href":"http:\/\/www.augustynstudio.pl\/sklep\/wp-json\/wp\/v2\/product_cat?post=1297"},{"taxonomy":"product_tag","embeddable":true,"href":"http:\/\/www.augustynstudio.pl\/sklep\/wp-json\/wp\/v2\/product_tag?post=1297"}],"curies":[{"name":"wp","href":"https:\/\/api.w.org\/{rel}","templated":true}]}}