{"id":159,"date":"2023-09-02T21:58:22","date_gmt":"2023-09-02T19:58:22","guid":{"rendered":"http:\/\/www.augustynstudio.pl\/sklep\/?post_type=product&#038;p=159"},"modified":"2025-04-07T14:36:17","modified_gmt":"2025-04-07T12:36:17","slug":"rondane-2","status":"publish","type":"product","link":"http:\/\/www.augustynstudio.pl\/sklep\/produkt\/rondane-2\/","title":{"rendered":"Rondane 2"},"content":{"rendered":"<p>Fotografia z cyklu, kt\u00f3ry powsta\u0142 podczas pleneru w parku narodowym Rondane w Norwegii. Barwy jesieni, otwarta przestrze\u0144 i pejza\u017c odmienny od tego co do tej pory ogl\u0105da\u0142em, pobudzi\u0142y moja wyobra\u017ani\u0119. Dosta\u0142em od natury prezent &#8211; kilkana\u015bcie godzin pi\u0119knego \u015bwiat\u0142a, przed nadej\u015bciem kilkudniowych deszczy.<\/p>\n<p>Fotografia kolekcjonerska, w limitowanej edycji 25 + 3 AP egzemplarzy, sygnowanych podpisem i numerem, z certyfikatem autentyczno\u015bci podpisanym przez autora.<\/p>\n<p>Druk pigmentowy na papierach fine art Solution Fine Art Ceramic Fibre 300 gsm lub Epson Traditional Photo Paper 325 gsm.<\/p>\n<p>Na zam\u00f3wienie dost\u0119pne s\u0105 inne formaty fotografii oraz druk na innych materia\u0142ach np. Alu-Dibond.<\/p>\n<p>&nbsp;<\/p>\n","protected":false},"excerpt":{"rendered":"<p>Fotografia z cyklu, kt\u00f3ry powsta\u0142 podczas pleneru w parku narodowym Rondane w Norwegii. Barwy jesieni, otwarta przestrze\u0144 i pejza\u017c odmienny od tego co do tej pory ogl\u0105da\u0142em, pobudzi\u0142y moja wyobra\u017ani\u0119. Dosta\u0142em od natury prezent &#8211; kilkana\u015bcie godzin pi\u0119knego \u015bwiat\u0142a, przed nadej\u015bciem kilkudniowych deszczy. Fotografia kolekcjonerska, w limitowanej edycji 25 + 3 AP egzemplarzy, sygnowanych podpisem i numerem, z certyfikatem autentyczno\u015bci podpisanym przez autora. Druk pigmentowy na papierach fine art Solution Fine Art Ceramic Fibre 300 gsm lub Epson Traditional Photo Paper 325 gsm. Na zam\u00f3wienie dost\u0119pne s\u0105 inne formaty fotografii oraz druk na innych materia\u0142ach np. Alu-Dibond. &nbsp;<\/p>\n","protected":false},"featured_media":184,"template":"","meta":[],"product_brand":[],"product_cat":[33],"product_tag":[59,94,79,73,80,115,97,130,152,160,148,93,88,82,84,57,48,50,153,122,136,129,151,105,147,118,99,144,43,154,55,156,78,155,159,150,141,137,133,58,54,146,163,135,134,158,132,149,157,81,74,145,139,131,140,138,116,100,161,96,162,102,143,142],"class_list":{"0":"post-159","1":"product","2":"type-product","3":"status-publish","4":"has-post-thumbnail","6":"product_cat-rondane","7":"product_tag-artificial-light","8":"product_tag-artistic-details","9":"product_tag-artistic-expression","10":"product_tag-artistic-illumination","11":"product_tag-artistic-photography","12":"product_tag-artystyczne-fotografie","13":"product_tag-artystyczne-kompozycje","14":"product_tag-autumn","15":"product_tag-autumn-color-palette","16":"product_tag-autumn-painting","17":"product_tag-colorful-autumn","18":"product_tag-colorful-expression","19":"product_tag-contrast","20":"product_tag-creative-compositions","21":"product_tag-creativity","22":"product_tag-dramatic-lighting","23":"product_tag-fotografia","24":"product_tag-fotografia-artystyczna","25":"product_tag-fotografia-krajobrazowa","26":"product_tag-galerie-sztuki","27":"product_tag-gory","28":"product_tag-jesien","29":"product_tag-jesienna-paleta-barw","30":"product_tag-kolorowa-ekspresja","31":"product_tag-kolorowa-jesien","32":"product_tag-kolory","33":"product_tag-kontrast","34":"product_tag-krajobraz","35":"product_tag-landscape","36":"product_tag-landscape-photography","37":"product_tag-light-and-shadow","38":"product_tag-light-painting","39":"product_tag-luminosity","40":"product_tag-malarstwo-swiatla","41":"product_tag-malownicze-widoki","42":"product_tag-mountain-landscape","43":"product_tag-mountain-river","44":"product_tag-mountains","45":"product_tag-national-park","46":"product_tag-natural-light","47":"product_tag-naturalneswiatlo","48":"product_tag-nature","49":"product_tag-natures-art","50":"product_tag-norway","51":"product_tag-norwegia","52":"product_tag-painterly-landscape","53":"product_tag-park-narodowy","54":"product_tag-pejzaz-gorski","55":"product_tag-pejzaz-malarski","56":"product_tag-photography-art","57":"product_tag-play-of-light","58":"product_tag-przyroda","59":"product_tag-rocks","60":"product_tag-rondane","61":"product_tag-rzeka-gorska","62":"product_tag-skaly","63":"product_tag-swiatlo-i-cien","64":"product_tag-swiatlocien","65":"product_tag-szczegoly-natury","66":"product_tag-sztuka-fotografii","67":"product_tag-sztuka-natury","68":"product_tag-tekstury","69":"product_tag-waterfall","70":"product_tag-wodospad","71":"pa_format-30-x-45-cm","73":"first","74":"instock","75":"shipping-taxable","76":"purchasable","77":"product-type-variable"},"_links":{"self":[{"href":"http:\/\/www.augustynstudio.pl\/sklep\/wp-json\/wp\/v2\/product\/159","targetHints":{"allow":["GET"]}}],"collection":[{"href":"http:\/\/www.augustynstudio.pl\/sklep\/wp-json\/wp\/v2\/product"}],"about":[{"href":"http:\/\/www.augustynstudio.pl\/sklep\/wp-json\/wp\/v2\/types\/product"}],"wp:featuredmedia":[{"embeddable":true,"href":"http:\/\/www.augustynstudio.pl\/sklep\/wp-json\/wp\/v2\/media\/184"}],"wp:attachment":[{"href":"http:\/\/www.augustynstudio.pl\/sklep\/wp-json\/wp\/v2\/media?parent=159"}],"wp:term":[{"taxonomy":"product_brand","embeddable":true,"href":"http:\/\/www.augustynstudio.pl\/sklep\/wp-json\/wp\/v2\/product_brand?post=159"},{"taxonomy":"product_cat","embeddable":true,"href":"http:\/\/www.augustynstudio.pl\/sklep\/wp-json\/wp\/v2\/product_cat?post=159"},{"taxonomy":"product_tag","embeddable":true,"href":"http:\/\/www.augustynstudio.pl\/sklep\/wp-json\/wp\/v2\/product_tag?post=159"}],"curies":[{"name":"wp","href":"https:\/\/api.w.org\/{rel}","templated":true}]}}