{"id":565,"date":"2023-11-03T16:14:55","date_gmt":"2023-11-03T15:14:55","guid":{"rendered":"http:\/\/www.augustynstudio.pl\/sklep\/?post_type=product&#038;p=565"},"modified":"2025-04-05T21:53:34","modified_gmt":"2025-04-05T19:53:34","slug":"workshop-6","status":"publish","type":"product","link":"http:\/\/www.augustynstudio.pl\/sklep\/produkt\/workshop-6\/","title":{"rendered":"Workshop 6"},"content":{"rendered":"<p>\u201eWarsztat\u201d to seria fotografii po\u015bwi\u0119conych narz\u0119dziom &#8211; wyj\u0105tkowym przedmiotom, kt\u00f3re s\u0142u\u017c\u0105 tworzeniu. Przez lata u\u017cywania staj\u0105 si\u0119 nam bliskie.<span class=\"Apple-converted-space\">\u00a0 <\/span>Cz\u0119sto ju\u017c zniszczone i spracowane staj\u0105 si\u0119 pi\u0119kne.<\/p>\n<p>Fotografia kolekcjonerska, w limitowanej edycji 25 + 3 AP egzemplarzy, sygnowanych podpisem i numerem, z certyfikatem autentyczno\u015bci podpisanym przez autora.<\/p>\n<p>Druk pigmentowy na papierach fine art Solution Fine Art Ceramic Fibre 300 gsm lub Epson Traditional Photo Paper 325 gsm.<\/p>\n<p>Na zam\u00f3wienie dost\u0119pne s\u0105 inne formaty fotografii oraz druk na innych materia\u0142ach np. Alu-Dibond.<\/p>\n","protected":false},"excerpt":{"rendered":"<p>\u201eWarsztat\u201d to seria fotografii po\u015bwi\u0119conych narz\u0119dziom &#8211; wyj\u0105tkowym przedmiotom, kt\u00f3re s\u0142u\u017c\u0105 tworzeniu. Przez lata u\u017cywania staj\u0105 si\u0119 nam bliskie.\u00a0 Cz\u0119sto ju\u017c zniszczone i spracowane staj\u0105 si\u0119 pi\u0119kne. Fotografia kolekcjonerska, w limitowanej edycji 25 + 3 AP egzemplarzy, sygnowanych podpisem i numerem, z certyfikatem autentyczno\u015bci podpisanym przez autora. Druk pigmentowy na papierach fine art Solution Fine Art Ceramic Fibre 300 gsm lub Epson Traditional Photo Paper 325 gsm. Na zam\u00f3wienie dost\u0119pne s\u0105 inne formaty fotografii oraz druk na innych materia\u0142ach np. Alu-Dibond.<\/p>\n","protected":false},"featured_media":325,"template":"","meta":[],"product_brand":[],"product_cat":[34],"product_tag":[80,97,93,88,82,84,57,48,50,122,164,42,168,118,99,55,156,78,155,177,178,182,81,74,27,100,96,179,180,181],"class_list":{"0":"post-565","1":"product","2":"type-product","3":"status-publish","4":"has-post-thumbnail","6":"product_cat-warsztat","7":"product_tag-artistic-photography","8":"product_tag-artystyczne-kompozycje","9":"product_tag-colorful-expression","10":"product_tag-contrast","11":"product_tag-creative-compositions","12":"product_tag-creativity","13":"product_tag-dramatic-lighting","14":"product_tag-fotografia","15":"product_tag-fotografia-artystyczna","16":"product_tag-galerie-sztuki","17":"product_tag-ireland","18":"product_tag-irlandia","19":"product_tag-klify","20":"product_tag-kolory","21":"product_tag-kontrast","22":"product_tag-light-and-shadow","23":"product_tag-light-painting","24":"product_tag-luminosity","25":"product_tag-malarstwo-swiatla","26":"product_tag-martwa-natura","27":"product_tag-narzedzia","28":"product_tag-photography","29":"product_tag-photography-art","30":"product_tag-play-of-light","31":"product_tag-still-life","32":"product_tag-swiatlocien","33":"product_tag-sztuka-fotografii","34":"product_tag-tools","35":"product_tag-warsztat","36":"product_tag-workshop","37":"product_shipping_class-koperta","38":"pa_format-30-x-45-cm","40":"first","41":"onbackorder","42":"shipping-taxable","43":"purchasable","44":"product-type-variable"},"_links":{"self":[{"href":"http:\/\/www.augustynstudio.pl\/sklep\/wp-json\/wp\/v2\/product\/565","targetHints":{"allow":["GET"]}}],"collection":[{"href":"http:\/\/www.augustynstudio.pl\/sklep\/wp-json\/wp\/v2\/product"}],"about":[{"href":"http:\/\/www.augustynstudio.pl\/sklep\/wp-json\/wp\/v2\/types\/product"}],"wp:featuredmedia":[{"embeddable":true,"href":"http:\/\/www.augustynstudio.pl\/sklep\/wp-json\/wp\/v2\/media\/325"}],"wp:attachment":[{"href":"http:\/\/www.augustynstudio.pl\/sklep\/wp-json\/wp\/v2\/media?parent=565"}],"wp:term":[{"taxonomy":"product_brand","embeddable":true,"href":"http:\/\/www.augustynstudio.pl\/sklep\/wp-json\/wp\/v2\/product_brand?post=565"},{"taxonomy":"product_cat","embeddable":true,"href":"http:\/\/www.augustynstudio.pl\/sklep\/wp-json\/wp\/v2\/product_cat?post=565"},{"taxonomy":"product_tag","embeddable":true,"href":"http:\/\/www.augustynstudio.pl\/sklep\/wp-json\/wp\/v2\/product_tag?post=565"}],"curies":[{"name":"wp","href":"https:\/\/api.w.org\/{rel}","templated":true}]}}