{"id":687,"date":"2023-11-06T21:06:30","date_gmt":"2023-11-06T20:06:30","guid":{"rendered":"http:\/\/www.augustynstudio.pl\/sklep\/?post_type=product&#038;p=687"},"modified":"2026-02-21T11:59:09","modified_gmt":"2026-02-21T10:59:09","slug":"confession","status":"publish","type":"product","link":"http:\/\/www.augustynstudio.pl\/sklep\/produkt\/confession\/","title":{"rendered":"Confession"},"content":{"rendered":"<p>&#8222;Wyznanie&#8221; &#8211; fotografia z cyklu &#8222;Opowie\u015bci z rybnego\u201d.<\/p>\n<p>To cykl fotografii o ludzkich uczuciach, relacjach i pragnieniach, kt\u00f3re s\u0105 rodzajem metaforycznej narracji. Inspirowane XVI i XVII-wiecznym malarstwem, nawi\u0105zuj\u0105 do symboliki \u015bwiat\u0142a tego okresu, lecz nowym spojrzeniem na temat martwej natury.<\/p>\n<p>\u201eJego fotografie w kadrze zamykaj\u0105 samotno\u015b\u0107, r\u00f3wnowag\u0119, portretuj\u0105 instynkt, pami\u0119\u0107 czy przemian\u0119.\u00a0Przy tym te wizyjne metafory utrwalaj\u0105 nieprzemijaj\u0105ce pi\u0119kno, cudown\u0105 chwil\u0119 surowej naturalno\u015bci w nieuchronnie nast\u0119puj\u0105cym procesie rozk\u0142adu i znikania.\u201d Fragment recenzji Agaty Saraczy\u0144skiej.<\/p>\n<p>Cykl nagrodzony br\u0105zowym medalem w konkursie Tokyo International Foto Awards 2020.<\/p>\n<p>&nbsp;<\/p>\n<p>Fotografia kolekcjonerska, w limitowanej edycji 20 + 3 AP egzemplarzy, sygnowanych podpisem i numerem, z certyfikatem autentyczno\u015bci podpisanym przez autora.<\/p>\n<p>Druk pigmentowy na Hahnem\u00fchle Photo Rag Baryta 315 gsm, bawe\u0142nianym papierze premium, bezkwasowym i bez wybielaczy optycznych, kt\u00f3ry spe\u0142nia najwy\u017csze normy archiwizacji.<\/p>\n<p>Na zam\u00f3wienie mo\u017cliwa jest oprawa w unikatowe, antyczne ramy.<\/p>\n<p>Na zam\u00f3wienie dost\u0119pne s\u0105 inne formaty fotografii oraz druk na innych materia\u0142ach np. Alu-Dibond.<\/p>\n","protected":false},"excerpt":{"rendered":"<p>&#8222;Wyznanie&#8221; &#8211; fotografia z cyklu &#8222;Opowie\u015bci z rybnego\u201d. To cykl fotografii o ludzkich uczuciach, relacjach i pragnieniach, kt\u00f3re s\u0105 rodzajem metaforycznej narracji. Inspirowane XVI i XVII-wiecznym malarstwem, nawi\u0105zuj\u0105 do symboliki \u015bwiat\u0142a tego okresu, lecz nowym spojrzeniem na temat martwej natury. \u201eJego fotografie w kadrze zamykaj\u0105 samotno\u015b\u0107, r\u00f3wnowag\u0119, portretuj\u0105 instynkt, pami\u0119\u0107 czy przemian\u0119.\u00a0Przy tym te wizyjne metafory utrwalaj\u0105 nieprzemijaj\u0105ce pi\u0119kno, cudown\u0105 chwil\u0119 surowej naturalno\u015bci w nieuchronnie nast\u0119puj\u0105cym procesie rozk\u0142adu i znikania.\u201d Fragment recenzji Agaty Saraczy\u0144skiej. Cykl nagrodzony br\u0105zowym medalem w konkursie Tokyo International Foto Awards 2020. &nbsp; Fotografia kolekcjonerska, w limitowanej edycji 20 + 3 AP egzemplarzy, sygnowanych podpisem i numerem, z certyfikatem autentyczno\u015bci podpisanym przez autora. Druk pigmentowy na Hahnem\u00fchle Photo Rag Baryta 315 gsm, bawe\u0142nianym papierze premium, bezkwasowym i bez wybielaczy optycznych, kt\u00f3ry spe\u0142nia najwy\u017csze normy archiwizacji. Na zam\u00f3wienie mo\u017cliwa jest oprawa w unikatowe, antyczne ramy. Na zam\u00f3wienie dost\u0119pne s\u0105 inne formaty fotografii oraz druk na innych materia\u0142ach np. Alu-Dibond.<\/p>\n","protected":false},"featured_media":649,"template":"","meta":[],"product_brand":[],"product_cat":[26],"product_tag":[80,115,97,194,93,195,88,82,57,198,199,201,48,193,122,197,55,156,78,196,177,200,192,27,116,100,96],"class_list":{"0":"post-687","1":"product","2":"type-product","3":"status-publish","4":"has-post-thumbnail","6":"product_cat-opowiesci-z-rybnego","7":"product_tag-artistic-photography","8":"product_tag-artystyczne-fotografie","9":"product_tag-artystyczne-kompozycje","10":"product_tag-color-photography","11":"product_tag-colorful-expression","12":"product_tag-colorful-photos","13":"product_tag-contrast","14":"product_tag-creative-compositions","15":"product_tag-dramatic-lighting","16":"product_tag-dutch-painting","17":"product_tag-dutch-painting-inspiration","18":"product_tag-fish","19":"product_tag-fotografia","20":"product_tag-fotografia-martwej-natury","21":"product_tag-galerie-sztuki","22":"product_tag-inspiracja-holenderskim-malarstwem","23":"product_tag-light-and-shadow","24":"product_tag-light-painting","25":"product_tag-luminosity","26":"product_tag-malarstwo-holenderskie","27":"product_tag-martwa-natura","28":"product_tag-ryby","29":"product_tag-still-life-photography","30":"product_tag-still-life","31":"product_tag-swiatlo-i-cien","32":"product_tag-swiatlocien","33":"product_tag-sztuka-fotografii","34":"pa_format-20-x-30-cm","35":"pa_format-30-x-45-cm","36":"pa_format-39-x-585-cm","38":"first","39":"onbackorder","40":"shipping-taxable","41":"purchasable","42":"product-type-variable"},"_links":{"self":[{"href":"http:\/\/www.augustynstudio.pl\/sklep\/wp-json\/wp\/v2\/product\/687","targetHints":{"allow":["GET"]}}],"collection":[{"href":"http:\/\/www.augustynstudio.pl\/sklep\/wp-json\/wp\/v2\/product"}],"about":[{"href":"http:\/\/www.augustynstudio.pl\/sklep\/wp-json\/wp\/v2\/types\/product"}],"wp:featuredmedia":[{"embeddable":true,"href":"http:\/\/www.augustynstudio.pl\/sklep\/wp-json\/wp\/v2\/media\/649"}],"wp:attachment":[{"href":"http:\/\/www.augustynstudio.pl\/sklep\/wp-json\/wp\/v2\/media?parent=687"}],"wp:term":[{"taxonomy":"product_brand","embeddable":true,"href":"http:\/\/www.augustynstudio.pl\/sklep\/wp-json\/wp\/v2\/product_brand?post=687"},{"taxonomy":"product_cat","embeddable":true,"href":"http:\/\/www.augustynstudio.pl\/sklep\/wp-json\/wp\/v2\/product_cat?post=687"},{"taxonomy":"product_tag","embeddable":true,"href":"http:\/\/www.augustynstudio.pl\/sklep\/wp-json\/wp\/v2\/product_tag?post=687"}],"curies":[{"name":"wp","href":"https:\/\/api.w.org\/{rel}","templated":true}]}}