{"id":833,"date":"2024-07-04T12:26:13","date_gmt":"2024-07-04T10:26:13","guid":{"rendered":"http:\/\/www.augustynstudio.pl\/sklep\/?post_type=product&#038;p=833"},"modified":"2025-04-05T20:12:18","modified_gmt":"2025-04-05T18:12:18","slug":"glacensis-2","status":"publish","type":"product","link":"http:\/\/www.augustynstudio.pl\/sklep\/produkt\/glacensis-2\/","title":{"rendered":"Glacensis-2"},"content":{"rendered":"<p>&#8222;Glacensis&#8221; to projekt fotograficzny po\u015bwi\u0119cony wyj\u0105tkowemu dla mnie miejscu &#8211; Ziemii K\u0142odzkiej. Tutejsze pejza\u017ce nie s\u0105 spektakularne, lecz zachwycaj\u0105 r\u00f3\u017cnorodno\u015bci\u0105 form skalnych, \u0142agodnych widok\u00f3w.<span class=\"Apple-converted-space\">\u00a0<\/span>Fotografia zrobiona jesieni\u0105 2023 na Dzik\u0105 Orlic\u0105.<\/p>\n<p>Fotografia kolekcjonerska, w limitowanej edycji 25 + 3 AP egzemplarzy, sygnowanych podpisem i numerem, z certyfikatem autentyczno\u015bci podpisanym przez autora.<\/p>\n<p>Druk pigmentowy na papierach fine art Solution Fine Art Ceramic Fibre 300 gsm lub Epson Traditional Photo Paper 325 gsm.<\/p>\n<p>Na zam\u00f3wienie dost\u0119pne s\u0105 inne formaty fotografii oraz druk na innych materia\u0142ach np. Alu-Dibond.<\/p>\n","protected":false},"excerpt":{"rendered":"<p>&#8222;Glacensis&#8221; to projekt fotograficzny po\u015bwi\u0119cony wyj\u0105tkowemu dla mnie miejscu &#8211; Ziemii K\u0142odzkiej. Tutejsze pejza\u017ce nie s\u0105 spektakularne, lecz zachwycaj\u0105 r\u00f3\u017cnorodno\u015bci\u0105 form skalnych, \u0142agodnych widok\u00f3w.\u00a0Fotografia zrobiona jesieni\u0105 2023 na Dzik\u0105 Orlic\u0105. Fotografia kolekcjonerska, w limitowanej edycji 25 + 3 AP egzemplarzy, sygnowanych podpisem i numerem, z certyfikatem autentyczno\u015bci podpisanym przez autora. Druk pigmentowy na papierach fine art Solution Fine Art Ceramic Fibre 300 gsm lub Epson Traditional Photo Paper 325 gsm. Na zam\u00f3wienie dost\u0119pne s\u0105 inne formaty fotografii oraz druk na innych materia\u0142ach np. Alu-Dibond.<\/p>\n","protected":false},"featured_media":822,"template":"","meta":[],"product_brand":[],"product_cat":[202],"product_tag":[80,115,97,172,93,88,82,84,57,48,50,153,122,164,42,168,118,99,144,43,154,55,156,78,155,159,58,54,146,163,170,158,157,81,74,145,139,138,169,116,100,161,96,162,102],"class_list":{"0":"post-833","1":"product","2":"type-product","3":"status-publish","4":"has-post-thumbnail","6":"product_cat-glacensis","7":"product_tag-artistic-photography","8":"product_tag-artystyczne-fotografie","9":"product_tag-artystyczne-kompozycje","10":"product_tag-chmury","11":"product_tag-colorful-expression","12":"product_tag-contrast","13":"product_tag-creative-compositions","14":"product_tag-creativity","15":"product_tag-dramatic-lighting","16":"product_tag-fotografia","17":"product_tag-fotografia-artystyczna","18":"product_tag-fotografia-krajobrazowa","19":"product_tag-galerie-sztuki","20":"product_tag-ireland","21":"product_tag-irlandia","22":"product_tag-klify","23":"product_tag-kolory","24":"product_tag-kontrast","25":"product_tag-krajobraz","26":"product_tag-landscape","27":"product_tag-landscape-photography","28":"product_tag-light-and-shadow","29":"product_tag-light-painting","30":"product_tag-luminosity","31":"product_tag-malarstwo-swiatla","32":"product_tag-malownicze-widoki","33":"product_tag-natural-light","34":"product_tag-naturalneswiatlo","35":"product_tag-nature","36":"product_tag-natures-art","37":"product_tag-niebo","38":"product_tag-painterly-landscape","39":"product_tag-pejzaz-malarski","40":"product_tag-photography-art","41":"product_tag-play-of-light","42":"product_tag-przyroda","43":"product_tag-rocks","44":"product_tag-skaly","45":"product_tag-sky","46":"product_tag-swiatlo-i-cien","47":"product_tag-swiatlocien","48":"product_tag-szczegoly-natury","49":"product_tag-sztuka-fotografii","50":"product_tag-sztuka-natury","51":"product_tag-tekstury","52":"product_shipping_class-koperta","53":"pa_format-30-x-45-cm","55":"first","56":"onbackorder","57":"shipping-taxable","58":"purchasable","59":"product-type-variable"},"_links":{"self":[{"href":"http:\/\/www.augustynstudio.pl\/sklep\/wp-json\/wp\/v2\/product\/833","targetHints":{"allow":["GET"]}}],"collection":[{"href":"http:\/\/www.augustynstudio.pl\/sklep\/wp-json\/wp\/v2\/product"}],"about":[{"href":"http:\/\/www.augustynstudio.pl\/sklep\/wp-json\/wp\/v2\/types\/product"}],"wp:featuredmedia":[{"embeddable":true,"href":"http:\/\/www.augustynstudio.pl\/sklep\/wp-json\/wp\/v2\/media\/822"}],"wp:attachment":[{"href":"http:\/\/www.augustynstudio.pl\/sklep\/wp-json\/wp\/v2\/media?parent=833"}],"wp:term":[{"taxonomy":"product_brand","embeddable":true,"href":"http:\/\/www.augustynstudio.pl\/sklep\/wp-json\/wp\/v2\/product_brand?post=833"},{"taxonomy":"product_cat","embeddable":true,"href":"http:\/\/www.augustynstudio.pl\/sklep\/wp-json\/wp\/v2\/product_cat?post=833"},{"taxonomy":"product_tag","embeddable":true,"href":"http:\/\/www.augustynstudio.pl\/sklep\/wp-json\/wp\/v2\/product_tag?post=833"}],"curies":[{"name":"wp","href":"https:\/\/api.w.org\/{rel}","templated":true}]}}