{"id":880,"date":"2024-07-04T13:07:01","date_gmt":"2024-07-04T11:07:01","guid":{"rendered":"http:\/\/www.augustynstudio.pl\/sklep\/?post_type=product&#038;p=880"},"modified":"2025-04-18T19:32:02","modified_gmt":"2025-04-18T17:32:02","slug":"zamek-sarny-1","status":"publish","type":"product","link":"http:\/\/www.augustynstudio.pl\/sklep\/produkt\/zamek-sarny-1\/","title":{"rendered":"Zamek Sarny 1"},"content":{"rendered":"<p>Zamek Sarny (dawniej Schloss Scharfeneck) to niezwyk\u0142a rezydencja, pi\u0119knie po\u0142o\u017cona w zachodniej cz\u0119\u015bci ziemii k\u0142odzkiej. Miejsce, kt\u00f3re odkrywam fotograficznie, wi\u0119c kolekcja tych fotografii dopiero si\u0119 rozwija. Na fotografii wn\u0119trze kaplicy zamkowej.<\/p>\n<p>Fotografia kolekcjonerska, w limitowanej edycji 25 + 3 AP egzemplarzy, sygnowanych podpisem i numerem, z certyfikatem autentyczno\u015bci podpisanym przez autora.<\/p>\n<p>Druk pigmentowy na papierach fine art Solution Fine Art Ceramic Fibre 300 gsm lub Epson Traditional Photo Paper 325 gsm.<\/p>\n<p>Na zam\u00f3wienie dost\u0119pne s\u0105 inne formaty fotografii oraz druk na innych materia\u0142ach np. Alu-Dibond.<\/p>\n","protected":false},"excerpt":{"rendered":"<p>Zamek Sarny (dawniej Schloss Scharfeneck) to niezwyk\u0142a rezydencja, pi\u0119knie po\u0142o\u017cona w zachodniej cz\u0119\u015bci ziemii k\u0142odzkiej. Miejsce, kt\u00f3re odkrywam fotograficznie, wi\u0119c kolekcja tych fotografii dopiero si\u0119 rozwija. Na fotografii wn\u0119trze kaplicy zamkowej. Fotografia kolekcjonerska, w limitowanej edycji 25 + 3 AP egzemplarzy, sygnowanych podpisem i numerem, z certyfikatem autentyczno\u015bci podpisanym przez autora. Druk pigmentowy na papierach fine art Solution Fine Art Ceramic Fibre 300 gsm lub Epson Traditional Photo Paper 325 gsm. Na zam\u00f3wienie dost\u0119pne s\u0105 inne formaty fotografii oraz druk na innych materia\u0142ach np. Alu-Dibond.<\/p>\n","protected":false},"featured_media":1097,"template":"","meta":[],"product_brand":[],"product_cat":[30,206],"product_tag":[119,45,113,49,59,94,79,73,80,106,115,97,112,77,62,61,212,93,88,82,95,84,70,57,125,121,48,50,123,107,122,120,64,105,118,99,55,56,85,117,58,54,66,75,71,63,46,91,103,81,74,109,47,116,100,96,108,102,90,124,114,110,211],"class_list":{"0":"post-880","1":"product","2":"type-product","3":"status-publish","4":"has-post-thumbnail","6":"product_cat-architektura","7":"product_cat-sarny","8":"product_tag-antyki","9":"product_tag-architektura","10":"product_tag-architektura-palacowa","11":"product_tag-art","12":"product_tag-artificial-light","13":"product_tag-artistic-details","14":"product_tag-artistic-expression","15":"product_tag-artistic-illumination","16":"product_tag-artistic-photography","17":"product_tag-artystyczne-detale","18":"product_tag-artystyczne-fotografie","19":"product_tag-artystyczne-kompozycje","20":"product_tag-barokowe-wnetrza","21":"product_tag-baroque-aesthetics","22":"product_tag-baroque-architecture","23":"product_tag-baroque-style","24":"product_tag-castle","25":"product_tag-colorful-expression","26":"product_tag-contrast","27":"product_tag-creative-compositions","28":"product_tag-creative-vision","29":"product_tag-creativity","30":"product_tag-decorative-arts","31":"product_tag-dramatic-lighting","32":"product_tag-dziedzictwo-kulturowe","33":"product_tag-dziedziniec-palacowy","34":"product_tag-fotografia","35":"product_tag-fotografia-artystyczna","36":"product_tag-fotografia-wnetrz","37":"product_tag-freski","38":"product_tag-galerie-sztuki","39":"product_tag-historyczne-detale","40":"product_tag-intricate-details","41":"product_tag-kolorowa-ekspresja","42":"product_tag-kolory","43":"product_tag-kontrast","44":"product_tag-light-and-shadow","45":"product_tag-lighting-effects","46":"product_tag-minimalism","47":"product_tag-nastroj","48":"product_tag-natural-light","49":"product_tag-naturalneswiatlo","50":"product_tag-opulence","51":"product_tag-ornamental-design","52":"product_tag-ornamentation","53":"product_tag-ornate-decorations","54":"product_tag-palac","55":"product_tag-perspective","56":"product_tag-perspektywa","57":"product_tag-photography-art","58":"product_tag-play-of-light","59":"product_tag-polichromie","60":"product_tag-swiatlo","61":"product_tag-swiatlo-i-cien","62":"product_tag-swiatlocien","63":"product_tag-sztuka-fotografii","64":"product_tag-sztukaterie","65":"product_tag-tekstury","66":"product_tag-textures","67":"product_tag-unikalne-dekoracje","68":"product_tag-wnetrza-historyczne","69":"product_tag-wnetrza-palacu","70":"product_tag-zamek","71":"product_shipping_class-koperta","72":"pa_format-20-x-30-cm","73":"pa_format-30-x-45-cm","74":"pa_format-39-x-585-cm","76":"first","77":"onbackorder","78":"shipping-taxable","79":"purchasable","80":"product-type-variable"},"_links":{"self":[{"href":"http:\/\/www.augustynstudio.pl\/sklep\/wp-json\/wp\/v2\/product\/880","targetHints":{"allow":["GET"]}}],"collection":[{"href":"http:\/\/www.augustynstudio.pl\/sklep\/wp-json\/wp\/v2\/product"}],"about":[{"href":"http:\/\/www.augustynstudio.pl\/sklep\/wp-json\/wp\/v2\/types\/product"}],"wp:featuredmedia":[{"embeddable":true,"href":"http:\/\/www.augustynstudio.pl\/sklep\/wp-json\/wp\/v2\/media\/1097"}],"wp:attachment":[{"href":"http:\/\/www.augustynstudio.pl\/sklep\/wp-json\/wp\/v2\/media?parent=880"}],"wp:term":[{"taxonomy":"product_brand","embeddable":true,"href":"http:\/\/www.augustynstudio.pl\/sklep\/wp-json\/wp\/v2\/product_brand?post=880"},{"taxonomy":"product_cat","embeddable":true,"href":"http:\/\/www.augustynstudio.pl\/sklep\/wp-json\/wp\/v2\/product_cat?post=880"},{"taxonomy":"product_tag","embeddable":true,"href":"http:\/\/www.augustynstudio.pl\/sklep\/wp-json\/wp\/v2\/product_tag?post=880"}],"curies":[{"name":"wp","href":"https:\/\/api.w.org\/{rel}","templated":true}]}}